{"id":3150,"date":"2024-08-28T09:56:02","date_gmt":"2024-08-28T07:56:02","guid":{"rendered":"https:\/\/ifusa.net\/gracias\/"},"modified":"2025-06-24T10:12:50","modified_gmt":"2025-06-24T08:12:50","slug":"gracias","status":"publish","type":"page","link":"https:\/\/ifusa.net\/es\/gracias\/","title":{"rendered":"Gracias"},"content":{"rendered":"<div class=\"fusion-fullwidth fullwidth-box fusion-builder-row-1 fusion-flex-container has-pattern-background has-mask-background nonhundred-percent-fullwidth non-hundred-percent-height-scrolling\" style=\"--awb-border-radius-top-left:0px;--awb-border-radius-top-right:0px;--awb-border-radius-bottom-right:0px;--awb-border-radius-bottom-left:0px;--awb-flex-wrap:wrap;\" ><div class=\"fusion-builder-row fusion-row fusion-flex-align-items-center fusion-flex-content-wrap\" style=\"max-width:1289.6px;margin-left: calc(-4% \/ 2 );margin-right: calc(-4% \/ 2 );\"><div class=\"fusion-layout-column fusion_builder_column fusion-builder-column-0 fusion_builder_column_2_3 2_3 fusion-flex-column\" style=\"--awb-bg-size:cover;--awb-width-large:66.666666666667%;--awb-margin-top-large:0px;--awb-spacing-right-large:2.88%;--awb-margin-bottom-large:20px;--awb-spacing-left-large:2.88%;--awb-width-medium:66.666666666667%;--awb-order-medium:0;--awb-spacing-right-medium:2.88%;--awb-spacing-left-medium:2.88%;--awb-width-small:100%;--awb-order-small:0;--awb-spacing-right-small:1.92%;--awb-spacing-left-small:1.92%;\"><div class=\"fusion-column-wrapper fusion-column-has-shadow fusion-flex-justify-content-flex-start fusion-content-layout-column\"><div class=\"fusion-title title fusion-title-1 fusion-sep-none fusion-title-text fusion-title-size-two\" style=\"--awb-font-size:26px;\"><h2 class=\"fusion-title-heading title-heading-left fusion-responsive-typography-calculated\" style=\"margin:0;font-size:1em;--fontSize:26;line-height:var(--awb-typography1-line-height);\">Gracias por inscribirte en el curso y pagar correctamente a trav\u00e9s de Stripe.<\/h2><\/div><div class=\"fusion-text fusion-text-1\"><p>Por la presente confirmamos la recepci\u00f3n de tu pago y esperamos darte la bienvenida. La confirmaci\u00f3n del pago y la factura te ser\u00e1n enviadas directamente por Stripe. <\/p>\n<p>Si tienes m\u00e1s preguntas, no dudes en ponerte en contacto con nosotros.<\/p>\n<\/div><div ><a class=\"fusion-button button-flat fusion-button-default-size button-default fusion-button-default button-1 fusion-button-default-span fusion-button-default-type\" style=\"--awb-margin-top:20px;\" target=\"_self\" data-hover=\"text_slide_up\" href=\"https:\/\/ifusa.net\/es\/\"><div class=\"awb-button-text-transition  awb-button__hover-content--centered\"><span class=\"fusion-button-text awb-button__text awb-button__text--default\">a la p\u00e1gina de inicio<\/span><span class=\"fusion-button-text awb-button__text awb-button__text--default\">a la p\u00e1gina de inicio<\/span><\/div><\/a><\/div><\/div><\/div><div class=\"fusion-layout-column fusion_builder_column fusion-builder-column-1 fusion_builder_column_1_3 1_3 fusion-flex-column\" style=\"--awb-bg-size:cover;--awb-width-large:33.333333333333%;--awb-margin-top-large:0px;--awb-spacing-right-large:5.76%;--awb-margin-bottom-large:20px;--awb-spacing-left-large:5.76%;--awb-width-medium:33.333333333333%;--awb-order-medium:0;--awb-spacing-right-medium:5.76%;--awb-spacing-left-medium:5.76%;--awb-width-small:100%;--awb-order-small:0;--awb-spacing-right-small:1.92%;--awb-spacing-left-small:1.92%;\"><div class=\"fusion-column-wrapper fusion-column-has-shadow fusion-flex-justify-content-flex-start fusion-content-layout-column\"><i class=\"fb-icon-element-1 fb-icon-element fontawesome-icon fa-check-circle far circle-no fusion-text-flow\" style=\"--awb-iconcolor:var(--awb-color4);--awb-iconcolor-hover:var(--awb-color4);--awb-font-size:200px;--awb-margin-right:100px;\"><\/i><\/div><\/div><\/div><\/div>\n","protected":false},"excerpt":{"rendered":"","protected":false},"author":2,"featured_media":0,"parent":0,"menu_order":0,"comment_status":"closed","ping_status":"closed","template":"","meta":{"_acf_changed":false,"footnotes":""},"class_list":["post-3150","page","type-page","status-publish","hentry"],"acf":[],"yoast_head":"<!-- This site is optimized with the Yoast SEO plugin v27.5 - https:\/\/yoast.com\/product\/yoast-seo-wordpress\/ -->\n<title>Gracias | IFUSA<\/title>\n<meta name=\"robots\" content=\"index, follow, max-snippet:-1, max-image-preview:large, max-video-preview:-1\" \/>\n<link rel=\"canonical\" href=\"https:\/\/ifusa.net\/es\/gracias\/\" \/>\n<meta property=\"og:locale\" content=\"es_ES\" \/>\n<meta property=\"og:type\" content=\"article\" \/>\n<meta property=\"og:title\" content=\"Gracias | IFUSA\" \/>\n<meta property=\"og:url\" content=\"https:\/\/ifusa.net\/es\/gracias\/\" \/>\n<meta property=\"og:site_name\" content=\"IFUSA\" \/>\n<meta property=\"article:publisher\" content=\"https:\/\/www.facebook.com\/IFUSAforceduse\/?locale=de_DE\" \/>\n<meta property=\"article:modified_time\" content=\"2025-06-24T08:12:50+00:00\" \/>\n<meta property=\"og:image\" content=\"https:\/\/ifusa.net\/wp-content\/uploads\/2024\/08\/eb6d90e7-a84b-4c1a-83a9-1b998762c29c.jpg\" \/>\n\t<meta property=\"og:image:width\" content=\"1920\" \/>\n\t<meta property=\"og:image:height\" content=\"1080\" \/>\n\t<meta property=\"og:image:type\" content=\"image\/jpeg\" \/>\n<meta name=\"twitter:card\" content=\"summary_large_image\" \/>\n<meta name=\"twitter:label1\" content=\"Tiempo de lectura\" \/>\n\t<meta name=\"twitter:data1\" content=\"10 minutos\" \/>\n<script type=\"application\/ld+json\" class=\"yoast-schema-graph\">{\"@context\":\"https:\\\/\\\/schema.org\",\"@graph\":[{\"@type\":\"WebPage\",\"@id\":\"https:\\\/\\\/ifusa.net\\\/es\\\/gracias\\\/\",\"url\":\"https:\\\/\\\/ifusa.net\\\/es\\\/gracias\\\/\",\"name\":\"Gracias | IFUSA\",\"isPartOf\":{\"@id\":\"https:\\\/\\\/ifusa.net\\\/es\\\/#website\"},\"datePublished\":\"2024-08-28T07:56:02+00:00\",\"dateModified\":\"2025-06-24T08:12:50+00:00\",\"breadcrumb\":{\"@id\":\"https:\\\/\\\/ifusa.net\\\/es\\\/gracias\\\/#breadcrumb\"},\"inLanguage\":\"es\",\"potentialAction\":[{\"@type\":\"ReadAction\",\"target\":[\"https:\\\/\\\/ifusa.net\\\/es\\\/gracias\\\/\"]}]},{\"@type\":\"BreadcrumbList\",\"@id\":\"https:\\\/\\\/ifusa.net\\\/es\\\/gracias\\\/#breadcrumb\",\"itemListElement\":[{\"@type\":\"ListItem\",\"position\":1,\"name\":\"Inicio\",\"item\":\"https:\\\/\\\/ifusa.net\\\/es\\\/\"},{\"@type\":\"ListItem\",\"position\":2,\"name\":\"Gracias\"}]},{\"@type\":\"WebSite\",\"@id\":\"https:\\\/\\\/ifusa.net\\\/es\\\/#website\",\"url\":\"https:\\\/\\\/ifusa.net\\\/es\\\/\",\"name\":\"IFUSA\",\"description\":\"\",\"publisher\":{\"@id\":\"https:\\\/\\\/ifusa.net\\\/es\\\/#organization\"},\"potentialAction\":[{\"@type\":\"SearchAction\",\"target\":{\"@type\":\"EntryPoint\",\"urlTemplate\":\"https:\\\/\\\/ifusa.net\\\/es\\\/?s={search_term_string}\"},\"query-input\":{\"@type\":\"PropertyValueSpecification\",\"valueRequired\":true,\"valueName\":\"search_term_string\"}}],\"inLanguage\":\"es\"},{\"@type\":\"Organization\",\"@id\":\"https:\\\/\\\/ifusa.net\\\/es\\\/#organization\",\"name\":\"IFUSA\",\"url\":\"https:\\\/\\\/ifusa.net\\\/es\\\/\",\"logo\":{\"@type\":\"ImageObject\",\"inLanguage\":\"es\",\"@id\":\"https:\\\/\\\/ifusa.net\\\/es\\\/#\\\/schema\\\/logo\\\/image\\\/\",\"url\":\"https:\\\/\\\/ifusa.net\\\/wp-content\\\/uploads\\\/2024\\\/05\\\/favicon.jpg\",\"contentUrl\":\"https:\\\/\\\/ifusa.net\\\/wp-content\\\/uploads\\\/2024\\\/05\\\/favicon.jpg\",\"width\":100,\"height\":100,\"caption\":\"IFUSA\"},\"image\":{\"@id\":\"https:\\\/\\\/ifusa.net\\\/es\\\/#\\\/schema\\\/logo\\\/image\\\/\"},\"sameAs\":[\"https:\\\/\\\/www.facebook.com\\\/IFUSAforceduse\\\/?locale=de_DE\",\"https:\\\/\\\/www.instagram.com\\\/ifusa_forceduse\\\/\"]}]}<\/script>\n<!-- \/ Yoast SEO plugin. -->","yoast_head_json":{"title":"Gracias | IFUSA","robots":{"index":"index","follow":"follow","max-snippet":"max-snippet:-1","max-image-preview":"max-image-preview:large","max-video-preview":"max-video-preview:-1"},"canonical":"https:\/\/ifusa.net\/es\/gracias\/","og_locale":"es_ES","og_type":"article","og_title":"Gracias | IFUSA","og_url":"https:\/\/ifusa.net\/es\/gracias\/","og_site_name":"IFUSA","article_publisher":"https:\/\/www.facebook.com\/IFUSAforceduse\/?locale=de_DE","article_modified_time":"2025-06-24T08:12:50+00:00","og_image":[{"width":1920,"height":1080,"url":"https:\/\/ifusa.net\/wp-content\/uploads\/2024\/08\/eb6d90e7-a84b-4c1a-83a9-1b998762c29c.jpg","type":"image\/jpeg"}],"twitter_card":"summary_large_image","twitter_misc":{"Tiempo de lectura":"10 minutos"},"schema":{"@context":"https:\/\/schema.org","@graph":[{"@type":"WebPage","@id":"https:\/\/ifusa.net\/es\/gracias\/","url":"https:\/\/ifusa.net\/es\/gracias\/","name":"Gracias | IFUSA","isPartOf":{"@id":"https:\/\/ifusa.net\/es\/#website"},"datePublished":"2024-08-28T07:56:02+00:00","dateModified":"2025-06-24T08:12:50+00:00","breadcrumb":{"@id":"https:\/\/ifusa.net\/es\/gracias\/#breadcrumb"},"inLanguage":"es","potentialAction":[{"@type":"ReadAction","target":["https:\/\/ifusa.net\/es\/gracias\/"]}]},{"@type":"BreadcrumbList","@id":"https:\/\/ifusa.net\/es\/gracias\/#breadcrumb","itemListElement":[{"@type":"ListItem","position":1,"name":"Inicio","item":"https:\/\/ifusa.net\/es\/"},{"@type":"ListItem","position":2,"name":"Gracias"}]},{"@type":"WebSite","@id":"https:\/\/ifusa.net\/es\/#website","url":"https:\/\/ifusa.net\/es\/","name":"IFUSA","description":"","publisher":{"@id":"https:\/\/ifusa.net\/es\/#organization"},"potentialAction":[{"@type":"SearchAction","target":{"@type":"EntryPoint","urlTemplate":"https:\/\/ifusa.net\/es\/?s={search_term_string}"},"query-input":{"@type":"PropertyValueSpecification","valueRequired":true,"valueName":"search_term_string"}}],"inLanguage":"es"},{"@type":"Organization","@id":"https:\/\/ifusa.net\/es\/#organization","name":"IFUSA","url":"https:\/\/ifusa.net\/es\/","logo":{"@type":"ImageObject","inLanguage":"es","@id":"https:\/\/ifusa.net\/es\/#\/schema\/logo\/image\/","url":"https:\/\/ifusa.net\/wp-content\/uploads\/2024\/05\/favicon.jpg","contentUrl":"https:\/\/ifusa.net\/wp-content\/uploads\/2024\/05\/favicon.jpg","width":100,"height":100,"caption":"IFUSA"},"image":{"@id":"https:\/\/ifusa.net\/es\/#\/schema\/logo\/image\/"},"sameAs":["https:\/\/www.facebook.com\/IFUSAforceduse\/?locale=de_DE","https:\/\/www.instagram.com\/ifusa_forceduse\/"]}]}},"_links":{"self":[{"href":"https:\/\/ifusa.net\/es\/wp-json\/wp\/v2\/pages\/3150","targetHints":{"allow":["GET"]}}],"collection":[{"href":"https:\/\/ifusa.net\/es\/wp-json\/wp\/v2\/pages"}],"about":[{"href":"https:\/\/ifusa.net\/es\/wp-json\/wp\/v2\/types\/page"}],"author":[{"embeddable":true,"href":"https:\/\/ifusa.net\/es\/wp-json\/wp\/v2\/users\/2"}],"replies":[{"embeddable":true,"href":"https:\/\/ifusa.net\/es\/wp-json\/wp\/v2\/comments?post=3150"}],"version-history":[{"count":8,"href":"https:\/\/ifusa.net\/es\/wp-json\/wp\/v2\/pages\/3150\/revisions"}],"predecessor-version":[{"id":3173,"href":"https:\/\/ifusa.net\/es\/wp-json\/wp\/v2\/pages\/3150\/revisions\/3173"}],"wp:attachment":[{"href":"https:\/\/ifusa.net\/es\/wp-json\/wp\/v2\/media?parent=3150"}],"curies":[{"name":"wp","href":"https:\/\/api.w.org\/{rel}","templated":true}]}}