{"id":3170,"date":"2025-03-15T04:42:28","date_gmt":"2025-03-15T03:42:28","guid":{"rendered":"https:\/\/ifusa.net\/become-a-member\/"},"modified":"2025-07-08T08:49:51","modified_gmt":"2025-07-08T06:49:51","slug":"become-a-member","status":"publish","type":"page","link":"https:\/\/ifusa.net\/en\/become-a-member\/","title":{"rendered":"Become a member"},"content":{"rendered":"<div class=\"fusion-fullwidth fullwidth-box fusion-builder-row-1 fusion-flex-container has-pattern-background has-mask-background nonhundred-percent-fullwidth non-hundred-percent-height-scrolling\" style=\"--awb-background-position:right top;--awb-border-radius-top-left:0px;--awb-border-radius-top-right:0px;--awb-border-radius-bottom-right:0px;--awb-border-radius-bottom-left:0px;--awb-padding-top:80px;--awb-padding-bottom:80px;--awb-padding-top-medium:50px;--awb-padding-bottom-medium:50px;--awb-padding-bottom-small:30px;--awb-margin-bottom:0px;--awb-flex-wrap:wrap;\" ><div class=\"awb-background-mask\" style=\"background-image:  url();opacity: 1 ;transform: scale(1, 1);mix-blend-mode:normal;\"><\/div><div class=\"fusion-builder-row fusion-row fusion-flex-align-items-stretch fusion-flex-content-wrap\" style=\"max-width:1289.6px;margin-left: calc(-4% \/ 2 );margin-right: calc(-4% \/ 2 );\"><div class=\"fusion-layout-column fusion_builder_column fusion-builder-column-0 fusion_builder_column_1_2 1_2 fusion-flex-column\" style=\"--awb-padding-top:4%;--awb-padding-bottom:4%;--awb-padding-top-medium:0px;--awb-padding-bottom-medium:0px;--awb-bg-size:cover;--awb-width-large:50%;--awb-margin-top-large:0px;--awb-spacing-right-large:3.84%;--awb-margin-bottom-large:20px;--awb-spacing-left-large:3.84%;--awb-width-medium:100%;--awb-order-medium:0;--awb-spacing-right-medium:1.92%;--awb-spacing-left-medium:1.92%;--awb-width-small:100%;--awb-order-small:0;--awb-spacing-right-small:1.92%;--awb-spacing-left-small:1.92%;\" data-scroll-devices=\"small-visibility,medium-visibility,large-visibility\"><div class=\"fusion-column-wrapper fusion-column-has-shadow fusion-flex-justify-content-flex-start fusion-content-layout-column\"><div class=\"fusion-title title fusion-title-1 fusion-sep-none fusion-title-highlight fusion-animate-once fusion-highlight-underline fusion-title-size-two\" style=\"--awb-highlight-width:5;--awb-margin-top:0px;--awb-margin-bottom:45px;--awb-margin-bottom-small:25px;\" data-highlight=\"underline\"><h2 class=\"fusion-title-heading title-heading-left fusion-responsive-typography-calculated\" style=\"margin:0;--fontSize:50;line-height:var(--awb-typography1-line-height);\"><span class=\"fusion-highlighted-text-prefix\"><\/span> <span class=\"fusion-highlighted-text-wrapper\"><span class=\"fusion-highlighted-text\">Become a member<\/span><svg xmlns=\"http:\/\/www.w3.org\/2000\/svg\" viewBox=\"0 0 500 150\" preserveAspectRatio=\"none\"><path d=\"M8.1,146.2c0,0,240.6-55.6,479-13.8\"><\/path><\/svg><\/span> <span class=\"fusion-highlighted-text-postfix\"><\/span><\/h2><\/div><div class=\"fusion-text fusion-text-1\"><p><strong>What benefits await you as a member of IFUSA:<\/strong><\/p>\n<\/div><ul style=\"--awb-margin-bottom:40px;--awb-line-height:27.2px;--awb-icon-width:27.2px;--awb-icon-height:27.2px;--awb-icon-margin:11.2px;--awb-content-margin:38.4px;--awb-circlecolor:var(--awb-color4);--awb-circle-yes-font-size:14.08px;\" class=\"fusion-checklist fusion-checklist-1 fusion-checklist-default type-icons mobile-margin-bottom\"><li class=\"fusion-li-item\" style=\"\"><span class=\"icon-wrapper circle-yes\"><i class=\"fusion-li-icon fa-check fas\" aria-hidden=\"true\"><\/i><\/span><div class=\"fusion-li-item-content\">\n<p>Close professional and interdisciplinary exchange<\/p>\n<\/div><\/li><li class=\"fusion-li-item\" style=\"\"><span class=\"icon-wrapper circle-yes\"><i class=\"fusion-li-icon fa-check fas\" aria-hidden=\"true\"><\/i><\/span><div class=\"fusion-li-item-content\">\n<p>Free training courses and webinars<\/p>\n<\/div><\/li><li class=\"fusion-li-item\" style=\"\"><span class=\"icon-wrapper circle-yes\"><i class=\"fusion-li-icon fa-check fas\" aria-hidden=\"true\"><\/i><\/span><div class=\"fusion-li-item-content\">\n<p>Ongoing information and offers for further training and advanced courses<\/p>\n<\/div><\/li><li class=\"fusion-li-item\" style=\"\"><span class=\"icon-wrapper circle-yes\"><i class=\"fusion-li-icon fa-check fas\" aria-hidden=\"true\"><\/i><\/span><div class=\"fusion-li-item-content\">\n<p>Regular updates on the latest scientific findings in neurorehabilitation<\/p>\n<\/div><\/li><li class=\"fusion-li-item\" style=\"\"><span class=\"icon-wrapper circle-yes\"><i class=\"fusion-li-icon fa-check fas\" aria-hidden=\"true\"><\/i><\/span><div class=\"fusion-li-item-content\">\n<p>Search for colleagues\/therapists in Switzerland, Austria and Germany<\/p>\n<\/div><\/li><li class=\"fusion-li-item\" style=\"\"><span class=\"icon-wrapper circle-yes\"><i class=\"fusion-li-icon fa-check fas\" aria-hidden=\"true\"><\/i><\/span><div class=\"fusion-li-item-content\">\n<p>Annual meeting\/annual general meeting<\/p>\n<\/div><\/li><\/ul><div class=\"fusion-text fusion-text-2\"><p><strong>Prerequisites<\/strong>: Completion of the basic Forced Use course according to Utley\/Woll<br \/>\n<strong>Active member<\/strong>: 90 CHF\/year<br \/>\n<strong>Passive member<\/strong>: 50 CHF\/year<\/p>\n<p>If you register by June 30, the entire annual fee for the current year is due. For registrations after June 30th, half of the fee for the current year is waived.<\/p>\n<\/div><div ><a class=\"fusion-button button-flat fusion-button-default-size button-default fusion-button-default button-1 fusion-button-span-yes fusion-button-default-type\" style=\"--button_margin-top:20px;\" target=\"_blank\" rel=\"noopener noreferrer\" data-hover=\"text_slide_up\" href=\"https:\/\/ifusa.net\/wp-content\/uploads\/2025\/03\/2022-11-22-Anmeldung_IFUSA.pdf\"><div class=\"awb-button-text-transition  awb-button__hover-content--centered\"><span class=\"fusion-button-text awb-button__text awb-button__text--default\">Register now and become a member<\/span><span class=\"fusion-button-text awb-button__text awb-button__text--default\">Register now and become a member<\/span><\/div><\/a><\/div><\/div><\/div><div class=\"fusion-layout-column fusion_builder_column fusion-builder-column-1 fusion_builder_column_1_2 1_2 fusion-flex-column fusion-no-small-visibility fusion-no-medium-visibility\" style=\"--awb-overflow:hidden;--awb-bg-position:center center;--awb-bg-size:cover;--awb-border-radius:6px 6px 6px 6px;--awb-width-large:50%;--awb-margin-top-large:0px;--awb-spacing-right-large:3.84%;--awb-margin-bottom-large:20px;--awb-spacing-left-large:3.84%;--awb-width-medium:50%;--awb-order-medium:0;--awb-spacing-right-medium:3.84%;--awb-spacing-left-medium:3.84%;--awb-width-small:100%;--awb-order-small:0;--awb-spacing-right-small:1.92%;--awb-spacing-left-small:1.92%;\" data-scroll-devices=\"small-visibility,medium-visibility,large-visibility\"><div class=\"fusion-column-wrapper lazyload fusion-column-has-shadow fusion-flex-justify-content-flex-start fusion-content-layout-column fusion-empty-column-bg-image fusion-column-has-bg-image\" data-bg-url=\"https:\/\/ifusa.net\/wp-content\/uploads\/2024\/08\/iStock-584204016.webp\" data-bg=\"https:\/\/ifusa.net\/wp-content\/uploads\/2024\/08\/iStock-584204016.webp\"><img decoding=\"async\" class=\"fusion-empty-dims-img-placeholder fusion-no-large-visibility fusion-no-medium-visibility\" alt=\"\u00c4rzte stehen im Kreis und halten ineinander greifende Puzzleteile \u00fcber ihren K\u00f6pfen zusammen.\" aria-label=\"\u00c4rzte stehen im Kreis und halten ineinander greifende Puzzleteile \u00fcber ihren K\u00f6pfen zusammen.\" src=\"data:image\/svg+xml,%3Csvg%20xmlns%3D%27http%3A%2F%2Fwww.w3.org%2F2000%2Fsvg%27%20width%3D%271254%27%20height%3D%27837%27%20viewBox%3D%270%200%201254%20837%27%3E%3Crect%20width%3D%271254%27%20height%3D%27837%27%20fill-opacity%3D%220%22%2F%3E%3C%2Fsvg%3E\"><\/div><\/div><\/div><\/div>\n","protected":false},"excerpt":{"rendered":"","protected":false},"author":2,"featured_media":0,"parent":0,"menu_order":0,"comment_status":"closed","ping_status":"closed","template":"100-width.php","meta":{"_acf_changed":false,"footnotes":""},"class_list":["post-3170","page","type-page","status-publish","hentry"],"acf":[],"yoast_head":"<!-- This site is optimized with the Yoast SEO plugin v27.4 - https:\/\/yoast.com\/product\/yoast-seo-wordpress\/ -->\n<title>Become a member | IFUSA<\/title>\n<meta name=\"robots\" content=\"index, follow, max-snippet:-1, max-image-preview:large, max-video-preview:-1\" \/>\n<link rel=\"canonical\" href=\"https:\/\/ifusa.net\/en\/become-a-member\/\" \/>\n<meta property=\"og:locale\" content=\"en_US\" \/>\n<meta property=\"og:type\" content=\"article\" \/>\n<meta property=\"og:title\" content=\"Become a member | IFUSA\" \/>\n<meta property=\"og:url\" content=\"https:\/\/ifusa.net\/en\/become-a-member\/\" \/>\n<meta property=\"og:site_name\" content=\"IFUSA\" \/>\n<meta property=\"article:publisher\" content=\"https:\/\/www.facebook.com\/IFUSAforceduse\/?locale=de_DE\" \/>\n<meta property=\"article:modified_time\" content=\"2025-07-08T06:49:51+00:00\" \/>\n<meta property=\"og:image\" content=\"https:\/\/ifusa.net\/wp-content\/uploads\/2024\/08\/eb6d90e7-a84b-4c1a-83a9-1b998762c29c.jpg\" \/>\n\t<meta property=\"og:image:width\" content=\"1920\" \/>\n\t<meta property=\"og:image:height\" content=\"1080\" \/>\n\t<meta property=\"og:image:type\" content=\"image\/jpeg\" \/>\n<meta name=\"twitter:card\" content=\"summary_large_image\" \/>\n<meta name=\"twitter:label1\" content=\"Est. reading time\" \/>\n\t<meta name=\"twitter:data1\" content=\"12 minutes\" \/>\n<script type=\"application\/ld+json\" class=\"yoast-schema-graph\">{\"@context\":\"https:\\\/\\\/schema.org\",\"@graph\":[{\"@type\":\"WebPage\",\"@id\":\"https:\\\/\\\/ifusa.net\\\/en\\\/become-a-member\\\/\",\"url\":\"https:\\\/\\\/ifusa.net\\\/en\\\/become-a-member\\\/\",\"name\":\"Become a member | IFUSA\",\"isPartOf\":{\"@id\":\"https:\\\/\\\/ifusa.net\\\/en\\\/#website\"},\"datePublished\":\"2025-03-15T03:42:28+00:00\",\"dateModified\":\"2025-07-08T06:49:51+00:00\",\"breadcrumb\":{\"@id\":\"https:\\\/\\\/ifusa.net\\\/en\\\/become-a-member\\\/#breadcrumb\"},\"inLanguage\":\"en-US\",\"potentialAction\":[{\"@type\":\"ReadAction\",\"target\":[\"https:\\\/\\\/ifusa.net\\\/en\\\/become-a-member\\\/\"]}]},{\"@type\":\"BreadcrumbList\",\"@id\":\"https:\\\/\\\/ifusa.net\\\/en\\\/become-a-member\\\/#breadcrumb\",\"itemListElement\":[{\"@type\":\"ListItem\",\"position\":1,\"name\":\"Home\",\"item\":\"https:\\\/\\\/ifusa.net\\\/en\\\/\"},{\"@type\":\"ListItem\",\"position\":2,\"name\":\"Become a member\"}]},{\"@type\":\"WebSite\",\"@id\":\"https:\\\/\\\/ifusa.net\\\/en\\\/#website\",\"url\":\"https:\\\/\\\/ifusa.net\\\/en\\\/\",\"name\":\"IFUSA\",\"description\":\"\",\"publisher\":{\"@id\":\"https:\\\/\\\/ifusa.net\\\/en\\\/#organization\"},\"potentialAction\":[{\"@type\":\"SearchAction\",\"target\":{\"@type\":\"EntryPoint\",\"urlTemplate\":\"https:\\\/\\\/ifusa.net\\\/en\\\/?s={search_term_string}\"},\"query-input\":{\"@type\":\"PropertyValueSpecification\",\"valueRequired\":true,\"valueName\":\"search_term_string\"}}],\"inLanguage\":\"en-US\"},{\"@type\":\"Organization\",\"@id\":\"https:\\\/\\\/ifusa.net\\\/en\\\/#organization\",\"name\":\"IFUSA\",\"url\":\"https:\\\/\\\/ifusa.net\\\/en\\\/\",\"logo\":{\"@type\":\"ImageObject\",\"inLanguage\":\"en-US\",\"@id\":\"https:\\\/\\\/ifusa.net\\\/en\\\/#\\\/schema\\\/logo\\\/image\\\/\",\"url\":\"https:\\\/\\\/ifusa.net\\\/wp-content\\\/uploads\\\/2024\\\/05\\\/favicon.jpg\",\"contentUrl\":\"https:\\\/\\\/ifusa.net\\\/wp-content\\\/uploads\\\/2024\\\/05\\\/favicon.jpg\",\"width\":100,\"height\":100,\"caption\":\"IFUSA\"},\"image\":{\"@id\":\"https:\\\/\\\/ifusa.net\\\/en\\\/#\\\/schema\\\/logo\\\/image\\\/\"},\"sameAs\":[\"https:\\\/\\\/www.facebook.com\\\/IFUSAforceduse\\\/?locale=de_DE\",\"https:\\\/\\\/www.instagram.com\\\/ifusa_forceduse\\\/\"]}]}<\/script>\n<!-- \/ Yoast SEO plugin. -->","yoast_head_json":{"title":"Become a member | IFUSA","robots":{"index":"index","follow":"follow","max-snippet":"max-snippet:-1","max-image-preview":"max-image-preview:large","max-video-preview":"max-video-preview:-1"},"canonical":"https:\/\/ifusa.net\/en\/become-a-member\/","og_locale":"en_US","og_type":"article","og_title":"Become a member | IFUSA","og_url":"https:\/\/ifusa.net\/en\/become-a-member\/","og_site_name":"IFUSA","article_publisher":"https:\/\/www.facebook.com\/IFUSAforceduse\/?locale=de_DE","article_modified_time":"2025-07-08T06:49:51+00:00","og_image":[{"width":1920,"height":1080,"url":"https:\/\/ifusa.net\/wp-content\/uploads\/2024\/08\/eb6d90e7-a84b-4c1a-83a9-1b998762c29c.jpg","type":"image\/jpeg"}],"twitter_card":"summary_large_image","twitter_misc":{"Est. reading time":"12 minutes"},"schema":{"@context":"https:\/\/schema.org","@graph":[{"@type":"WebPage","@id":"https:\/\/ifusa.net\/en\/become-a-member\/","url":"https:\/\/ifusa.net\/en\/become-a-member\/","name":"Become a member | IFUSA","isPartOf":{"@id":"https:\/\/ifusa.net\/en\/#website"},"datePublished":"2025-03-15T03:42:28+00:00","dateModified":"2025-07-08T06:49:51+00:00","breadcrumb":{"@id":"https:\/\/ifusa.net\/en\/become-a-member\/#breadcrumb"},"inLanguage":"en-US","potentialAction":[{"@type":"ReadAction","target":["https:\/\/ifusa.net\/en\/become-a-member\/"]}]},{"@type":"BreadcrumbList","@id":"https:\/\/ifusa.net\/en\/become-a-member\/#breadcrumb","itemListElement":[{"@type":"ListItem","position":1,"name":"Home","item":"https:\/\/ifusa.net\/en\/"},{"@type":"ListItem","position":2,"name":"Become a member"}]},{"@type":"WebSite","@id":"https:\/\/ifusa.net\/en\/#website","url":"https:\/\/ifusa.net\/en\/","name":"IFUSA","description":"","publisher":{"@id":"https:\/\/ifusa.net\/en\/#organization"},"potentialAction":[{"@type":"SearchAction","target":{"@type":"EntryPoint","urlTemplate":"https:\/\/ifusa.net\/en\/?s={search_term_string}"},"query-input":{"@type":"PropertyValueSpecification","valueRequired":true,"valueName":"search_term_string"}}],"inLanguage":"en-US"},{"@type":"Organization","@id":"https:\/\/ifusa.net\/en\/#organization","name":"IFUSA","url":"https:\/\/ifusa.net\/en\/","logo":{"@type":"ImageObject","inLanguage":"en-US","@id":"https:\/\/ifusa.net\/en\/#\/schema\/logo\/image\/","url":"https:\/\/ifusa.net\/wp-content\/uploads\/2024\/05\/favicon.jpg","contentUrl":"https:\/\/ifusa.net\/wp-content\/uploads\/2024\/05\/favicon.jpg","width":100,"height":100,"caption":"IFUSA"},"image":{"@id":"https:\/\/ifusa.net\/en\/#\/schema\/logo\/image\/"},"sameAs":["https:\/\/www.facebook.com\/IFUSAforceduse\/?locale=de_DE","https:\/\/www.instagram.com\/ifusa_forceduse\/"]}]}},"_links":{"self":[{"href":"https:\/\/ifusa.net\/en\/wp-json\/wp\/v2\/pages\/3170","targetHints":{"allow":["GET"]}}],"collection":[{"href":"https:\/\/ifusa.net\/en\/wp-json\/wp\/v2\/pages"}],"about":[{"href":"https:\/\/ifusa.net\/en\/wp-json\/wp\/v2\/types\/page"}],"author":[{"embeddable":true,"href":"https:\/\/ifusa.net\/en\/wp-json\/wp\/v2\/users\/2"}],"replies":[{"embeddable":true,"href":"https:\/\/ifusa.net\/en\/wp-json\/wp\/v2\/comments?post=3170"}],"version-history":[{"count":4,"href":"https:\/\/ifusa.net\/en\/wp-json\/wp\/v2\/pages\/3170\/revisions"}],"predecessor-version":[{"id":3354,"href":"https:\/\/ifusa.net\/en\/wp-json\/wp\/v2\/pages\/3170\/revisions\/3354"}],"wp:attachment":[{"href":"https:\/\/ifusa.net\/en\/wp-json\/wp\/v2\/media?parent=3170"}],"curies":[{"name":"wp","href":"https:\/\/api.w.org\/{rel}","templated":true}]}}